{"id":97,"date":"2024-11-03T15:41:20","date_gmt":"2024-11-03T15:41:20","guid":{"rendered":"https:\/\/ms-mng.de\/?page_id=97"},"modified":"2024-11-11T17:33:03","modified_gmt":"2024-11-11T17:33:03","slug":"home","status":"publish","type":"page","link":"https:\/\/ms-mng.de\/","title":{"rendered":"Home"},"content":{"rendered":"\t\t<div data-elementor-type=\"wp-page\" data-elementor-id=\"97\" class=\"elementor elementor-97\">\n\t\t\t\t<div class=\"elementor-element elementor-element-411b7a8 e-flex e-con-boxed e-con e-parent\" data-id=\"411b7a8\" data-element_type=\"container\" data-e-type=\"container\">\n\t\t\t\t\t<div class=\"e-con-inner\">\n\t\t\t\t<div class=\"elementor-element elementor-element-5d5fbe4 elementor-widget-tablet__width-initial elementor-widget elementor-widget-image\" data-id=\"5d5fbe4\" data-element_type=\"widget\" data-e-type=\"widget\" data-widget_type=\"image.default\">\n\t\t\t\t<div class=\"elementor-widget-container\">\n\t\t\t\t\t\t\t\t\t\t\t\t\t\t\t<img decoding=\"async\" src=\"https:\/\/i0.wp.com\/ms-mng.de\/wp-content\/uploads\/2024\/11\/bannerlogo.png?fit=1024%2C300&#038;ssl=1\" title=\"bannerlogo\" alt=\"bannerlogo\" loading=\"lazy\" \/>\t\t\t\t\t\t\t\t\t\t\t\t\t\t\t<\/div>\n\t\t\t\t<\/div>\n\t\t\t\t\t<\/div>\n\t\t\t\t<\/div>\n\t\t<div class=\"elementor-element elementor-element-9713824 e-flex e-con-boxed e-con e-parent\" data-id=\"9713824\" data-element_type=\"container\" data-e-type=\"container\">\n\t\t\t\t\t<div class=\"e-con-inner\">\n\t\t<div class=\"elementor-element elementor-element-2cdaf69 e-con-full e-flex e-con e-child\" data-id=\"2cdaf69\" data-element_type=\"container\" data-e-type=\"container\">\n\t\t\t\t<div class=\"elementor-element elementor-element-173167c elementor-widget elementor-widget-text-editor\" data-id=\"173167c\" data-element_type=\"widget\" data-e-type=\"widget\" data-widget_type=\"text-editor.default\">\n\t\t\t\t<div class=\"elementor-widget-container\">\n\t\t\t\t\t\t\t\t\t<h4 class=\"heading\" style=\"text-align: center;\">MANASEER NATURAL GREEN<br \/>ENTWICKELT UND PRODUZIERT MIKRONISIERTE UND ENERGETISCH BEREICHERTE MINERALD\u00dcNGER, PFLANZENST\u00c4RKUNGSMITTEL UND BODENZUS\u00c4TZE AUS NAT\u00dcRLICHEN ROHSTOFFEN<\/h4>\t\t\t\t\t\t\t\t<\/div>\n\t\t\t\t<\/div>\n\t\t\t\t<\/div>\n\t\t\t\t\t<\/div>\n\t\t\t\t<\/div>\n\t\t<div class=\"elementor-element elementor-element-0bb2f14 e-flex e-con-boxed e-con e-parent\" data-id=\"0bb2f14\" data-element_type=\"container\" data-e-type=\"container\">\n\t\t\t\t\t<div class=\"e-con-inner\">\n\t\t<div class=\"elementor-element elementor-element-7160650 e-con-full e-flex e-con e-child\" data-id=\"7160650\" data-element_type=\"container\" data-e-type=\"container\">\n\t\t\t\t<div class=\"elementor-element elementor-element-d73d7d8 elementor-widget__width-initial elementor-widget elementor-widget-text-editor\" data-id=\"d73d7d8\" data-element_type=\"widget\" data-e-type=\"widget\" data-widget_type=\"text-editor.default\">\n\t\t\t\t<div class=\"elementor-widget-container\">\n\t\t\t\t\t\t\t\t\t<h4 style=\"text-align: center;\">ENT-SCHEIDENDER<br \/>VORTEIL<\/h4>\t\t\t\t\t\t\t\t<\/div>\n\t\t\t\t<\/div>\n\t\t\t\t<\/div>\n\t\t<div class=\"elementor-element elementor-element-846e4bf e-con-full e-flex e-con e-child\" data-id=\"846e4bf\" data-element_type=\"container\" data-e-type=\"container\">\n\t\t\t\t<div class=\"elementor-element elementor-element-2e96ede elementor-widget__width-inherit elementor-widget elementor-widget-text-editor\" data-id=\"2e96ede\" data-element_type=\"widget\" data-e-type=\"widget\" data-widget_type=\"text-editor.default\">\n\t\t\t\t<div class=\"elementor-widget-container\">\n\t\t\t\t\t\t\t\t\t<h4 id=\"w-node-_4fb333f5-8bb8-1a8e-fe45-d97e274dbec0-d3747253\" class=\"heading-2 de\" style=\"text-align: center;\"><strong>SERVICE-ORIENTIERT<\/strong><\/h4>\t\t\t\t\t\t\t\t<\/div>\n\t\t\t\t<\/div>\n\t\t\t\t<\/div>\n\t\t\t\t\t<\/div>\n\t\t\t\t<\/div>\n\t\t<div class=\"elementor-element elementor-element-7c2816e e-flex e-con-boxed e-con e-parent\" data-id=\"7c2816e\" data-element_type=\"container\" data-e-type=\"container\">\n\t\t\t\t\t<div class=\"e-con-inner\">\n\t\t<div class=\"elementor-element elementor-element-0a1c045 e-con-full e-flex e-con e-child\" data-id=\"0a1c045\" data-element_type=\"container\" data-e-type=\"container\">\n\t\t\t\t<div class=\"elementor-element elementor-element-a0de34e elementor-widget elementor-widget-text-editor\" data-id=\"a0de34e\" data-element_type=\"widget\" data-e-type=\"widget\" data-widget_type=\"text-editor.default\">\n\t\t\t\t<div class=\"elementor-widget-container\">\n\t\t\t\t\t\t\t\t\t<div id=\"w-node-f95e3011-8c4a-93d0-11df-f2b31ef9e3ca-d3747253\" class=\"div-block-37\"><h6 class=\"text-block-2\" style=\"text-align: center;\"><strong>KLEINE <\/strong><br \/><strong>ANWENDUNGS<\/strong><br \/><strong>-DOSIS &amp; HOHE EFFIZIENZ<\/strong><\/h6><ul class=\"list _550sithe\" role=\"list\"><li class=\"list-item\"><p>Bis zu 60% Ertragssteigerung<\/p><\/li><li class=\"list-item\"><p>Bis zu 60% weniger Wasserverbrauch<\/p><\/li><li class=\"list-item\"><p>H\u00f6herer BRIX-Wert<\/p><\/li><li class=\"list-item\"><p>Bis zu 1 Monat fr\u00fchere Ernte<\/p><\/li><li class=\"list-item\"><p>Verbesserte Pflanzengesundheit, Lagerung und Transportf\u00e4higkeit<\/p><\/li><li class=\"list-item\"><p>Erh\u00f6hte nat\u00fcrliche Resistenz gegen Krankheiten, Sch\u00e4dlinge und abiotischen Stress<\/p><\/li><li class=\"list-item\"><p>Verbesserung von Ertrag und Qualit\u00e4t der Ernte<\/p><\/li><li class=\"list-item\"><p>H\u00f6here Gehalte an wertvollen Substanzen und Geschmacksstoffen (z.B. Vitamine, Zucker, <br \/><br \/>Flavonoide, St\u00e4rke)<\/p><\/li><li class=\"list-item\"><p>Heilt besch\u00e4digte Ackerfl\u00e4chen<\/p><\/li><li class=\"list-item\"><p>Sicherstellt profitable und sichere Ernten<\/p><\/li><li class=\"list-item\"><p>St\u00e4rkt alle Arten von Kulturen und Pflanzen<\/p><\/li><\/ul><\/div>\t\t\t\t\t\t\t\t<\/div>\n\t\t\t\t<\/div>\n\t\t\t\t<\/div>\n\t\t<div class=\"elementor-element elementor-element-d652694 e-con-full e-flex e-con e-child\" data-id=\"d652694\" data-element_type=\"container\" data-e-type=\"container\">\n\t\t\t\t<div class=\"elementor-element elementor-element-4f11ca3 elementor-widget elementor-widget-text-editor\" data-id=\"4f11ca3\" data-element_type=\"widget\" data-e-type=\"widget\" data-widget_type=\"text-editor.default\">\n\t\t\t\t<div class=\"elementor-widget-container\">\n\t\t\t\t\t\t\t\t\t<div id=\"w-node-_4fb333f5-8bb8-1a8e-fe45-d97e274dbec2-d3747253\" class=\"div-block-37\"><h6 class=\"text-block-2 _498sithe\" style=\"text-align: center;\"><strong>WIR BIETEN BERATUNG IM PROZESS DER VERWENDUNG UNSERER PRODUKTE ZUR STEIGERUNG DER EFFIZIENZ IHRER ANWENDUNG<\/strong><\/h6><ul class=\"list _611sithe\" role=\"list\"><li class=\"list-item\">Wir \u00fcberwachen die Bodenbedingungen unserer Kunden und bieten Laborsupport bei der Verfolgung von Ver\u00e4nderungen nach der Implementierung von MNG Produkten<\/li><li class=\"list-item\">Wir geben Empfehlungen zur Anwendungsvorschrift und deren Anpassung w\u00e4hrend des Wachstumszyklus<\/li><\/ul><\/div>\t\t\t\t\t\t\t\t<\/div>\n\t\t\t\t<\/div>\n\t\t\t\t<\/div>\n\t\t\t\t\t<\/div>\n\t\t\t\t<\/div>\n\t\t\t\t<\/div>\n\t\t","protected":false},"excerpt":{"rendered":"<p>MANASEER NATURAL GREENENTWICKELT UND PRODUZIERT MIKRONISIERTE UND ENERGETISCH BEREICHERTE MINERALD\u00dcNGER, PFLANZENST\u00c4RKUNGSMITTEL UND BODENZUS\u00c4TZE AUS NAT\u00dcRLICHEN ROHSTOFFEN ENT-SCHEIDENDERVORTEIL SERVICE-ORIENTIERT KLEINE ANWENDUNGS-DOSIS &amp; HOHE EFFIZIENZ Bis zu 60% Ertragssteigerung Bis zu 60% weniger Wasserverbrauch H\u00f6herer BRIX-Wert Bis zu 1 Monat fr\u00fchere Ernte Verbesserte Pflanzengesundheit, Lagerung und Transportf\u00e4higkeit Erh\u00f6hte nat\u00fcrliche Resistenz gegen Krankheiten, Sch\u00e4dlinge und abiotischen Stress Verbesserung [&hellip;]<\/p>\n","protected":false},"author":1,"featured_media":0,"parent":0,"menu_order":0,"comment_status":"closed","ping_status":"closed","template":"","meta":{"footnotes":""},"class_list":["post-97","page","type-page","status-publish","hentry"],"yoast_head":"<!-- This site is optimized with the Yoast SEO plugin v27.3 - https:\/\/yoast.com\/product\/yoast-seo-wordpress\/ -->\n<title>Home - MS-Handelsagentur<\/title>\n<meta name=\"robots\" content=\"index, follow, max-snippet:-1, max-image-preview:large, max-video-preview:-1\" \/>\n<link rel=\"canonical\" href=\"https:\/\/ms-mng.de\/\" \/>\n<meta property=\"og:locale\" content=\"de_DE\" \/>\n<meta property=\"og:type\" content=\"article\" \/>\n<meta property=\"og:title\" content=\"Home - MS-Handelsagentur\" \/>\n<meta property=\"og:description\" content=\"MANASEER NATURAL GREENENTWICKELT UND PRODUZIERT MIKRONISIERTE UND ENERGETISCH BEREICHERTE MINERALD\u00dcNGER, PFLANZENST\u00c4RKUNGSMITTEL UND BODENZUS\u00c4TZE AUS NAT\u00dcRLICHEN ROHSTOFFEN ENT-SCHEIDENDERVORTEIL SERVICE-ORIENTIERT KLEINE ANWENDUNGS-DOSIS &amp; HOHE EFFIZIENZ Bis zu 60% Ertragssteigerung Bis zu 60% weniger Wasserverbrauch H\u00f6herer BRIX-Wert Bis zu 1 Monat fr\u00fchere Ernte Verbesserte Pflanzengesundheit, Lagerung und Transportf\u00e4higkeit Erh\u00f6hte nat\u00fcrliche Resistenz gegen Krankheiten, Sch\u00e4dlinge und abiotischen Stress Verbesserung [&hellip;]\" \/>\n<meta property=\"og:url\" content=\"https:\/\/ms-mng.de\/\" \/>\n<meta property=\"og:site_name\" content=\"MS-Handelsagentur\" \/>\n<meta property=\"article:modified_time\" content=\"2024-11-11T17:33:03+00:00\" \/>\n<meta property=\"og:image\" content=\"https:\/\/ms-mng.de\/wp-content\/uploads\/2024\/11\/bannerlogo.png\" \/>\n<meta name=\"twitter:card\" content=\"summary_large_image\" \/>\n<meta name=\"twitter:label1\" content=\"Gesch\u00e4tzte Lesezeit\" \/>\n\t<meta name=\"twitter:data1\" content=\"1\u00a0Minute\" \/>\n<script type=\"application\/ld+json\" class=\"yoast-schema-graph\">{\"@context\":\"https:\\\/\\\/schema.org\",\"@graph\":[{\"@type\":\"WebPage\",\"@id\":\"https:\\\/\\\/ms-mng.de\\\/\",\"url\":\"https:\\\/\\\/ms-mng.de\\\/\",\"name\":\"Home - MS-Handelsagentur\",\"isPartOf\":{\"@id\":\"https:\\\/\\\/ms-mng.de\\\/#website\"},\"primaryImageOfPage\":{\"@id\":\"https:\\\/\\\/ms-mng.de\\\/#primaryimage\"},\"image\":{\"@id\":\"https:\\\/\\\/ms-mng.de\\\/#primaryimage\"},\"thumbnailUrl\":\"https:\\\/\\\/ms-mng.de\\\/wp-content\\\/uploads\\\/2024\\\/11\\\/bannerlogo.png\",\"datePublished\":\"2024-11-03T15:41:20+00:00\",\"dateModified\":\"2024-11-11T17:33:03+00:00\",\"breadcrumb\":{\"@id\":\"https:\\\/\\\/ms-mng.de\\\/#breadcrumb\"},\"inLanguage\":\"de\",\"potentialAction\":[{\"@type\":\"ReadAction\",\"target\":[\"https:\\\/\\\/ms-mng.de\\\/\"]}]},{\"@type\":\"ImageObject\",\"inLanguage\":\"de\",\"@id\":\"https:\\\/\\\/ms-mng.de\\\/#primaryimage\",\"url\":\"https:\\\/\\\/i0.wp.com\\\/ms-mng.de\\\/wp-content\\\/uploads\\\/2024\\\/11\\\/bannerlogo.png?fit=1024%2C300&ssl=1\",\"contentUrl\":\"https:\\\/\\\/i0.wp.com\\\/ms-mng.de\\\/wp-content\\\/uploads\\\/2024\\\/11\\\/bannerlogo.png?fit=1024%2C300&ssl=1\",\"width\":1024,\"height\":300},{\"@type\":\"BreadcrumbList\",\"@id\":\"https:\\\/\\\/ms-mng.de\\\/#breadcrumb\",\"itemListElement\":[{\"@type\":\"ListItem\",\"position\":1,\"name\":\"Startseite\",\"item\":\"https:\\\/\\\/ms-mng.de\\\/\"},{\"@type\":\"ListItem\",\"position\":2,\"name\":\"Home\"}]},{\"@type\":\"WebSite\",\"@id\":\"https:\\\/\\\/ms-mng.de\\\/#website\",\"url\":\"https:\\\/\\\/ms-mng.de\\\/\",\"name\":\"MS-Handelsagentur\",\"description\":\"Vertrieb Rheinland Pfalz,Saarland,Hessen\",\"potentialAction\":[{\"@type\":\"SearchAction\",\"target\":{\"@type\":\"EntryPoint\",\"urlTemplate\":\"https:\\\/\\\/ms-mng.de\\\/?s={search_term_string}\"},\"query-input\":{\"@type\":\"PropertyValueSpecification\",\"valueRequired\":true,\"valueName\":\"search_term_string\"}}],\"inLanguage\":\"de\"}]}<\/script>\n<!-- \/ Yoast SEO plugin. -->","yoast_head_json":{"title":"Home - MS-Handelsagentur","robots":{"index":"index","follow":"follow","max-snippet":"max-snippet:-1","max-image-preview":"max-image-preview:large","max-video-preview":"max-video-preview:-1"},"canonical":"https:\/\/ms-mng.de\/","og_locale":"de_DE","og_type":"article","og_title":"Home - MS-Handelsagentur","og_description":"MANASEER NATURAL GREENENTWICKELT UND PRODUZIERT MIKRONISIERTE UND ENERGETISCH BEREICHERTE MINERALD\u00dcNGER, PFLANZENST\u00c4RKUNGSMITTEL UND BODENZUS\u00c4TZE AUS NAT\u00dcRLICHEN ROHSTOFFEN ENT-SCHEIDENDERVORTEIL SERVICE-ORIENTIERT KLEINE ANWENDUNGS-DOSIS &amp; HOHE EFFIZIENZ Bis zu 60% Ertragssteigerung Bis zu 60% weniger Wasserverbrauch H\u00f6herer BRIX-Wert Bis zu 1 Monat fr\u00fchere Ernte Verbesserte Pflanzengesundheit, Lagerung und Transportf\u00e4higkeit Erh\u00f6hte nat\u00fcrliche Resistenz gegen Krankheiten, Sch\u00e4dlinge und abiotischen Stress Verbesserung [&hellip;]","og_url":"https:\/\/ms-mng.de\/","og_site_name":"MS-Handelsagentur","article_modified_time":"2024-11-11T17:33:03+00:00","og_image":[{"url":"https:\/\/ms-mng.de\/wp-content\/uploads\/2024\/11\/bannerlogo.png","type":"","width":"","height":""}],"twitter_card":"summary_large_image","twitter_misc":{"Gesch\u00e4tzte Lesezeit":"1\u00a0Minute"},"schema":{"@context":"https:\/\/schema.org","@graph":[{"@type":"WebPage","@id":"https:\/\/ms-mng.de\/","url":"https:\/\/ms-mng.de\/","name":"Home - MS-Handelsagentur","isPartOf":{"@id":"https:\/\/ms-mng.de\/#website"},"primaryImageOfPage":{"@id":"https:\/\/ms-mng.de\/#primaryimage"},"image":{"@id":"https:\/\/ms-mng.de\/#primaryimage"},"thumbnailUrl":"https:\/\/ms-mng.de\/wp-content\/uploads\/2024\/11\/bannerlogo.png","datePublished":"2024-11-03T15:41:20+00:00","dateModified":"2024-11-11T17:33:03+00:00","breadcrumb":{"@id":"https:\/\/ms-mng.de\/#breadcrumb"},"inLanguage":"de","potentialAction":[{"@type":"ReadAction","target":["https:\/\/ms-mng.de\/"]}]},{"@type":"ImageObject","inLanguage":"de","@id":"https:\/\/ms-mng.de\/#primaryimage","url":"https:\/\/i0.wp.com\/ms-mng.de\/wp-content\/uploads\/2024\/11\/bannerlogo.png?fit=1024%2C300&ssl=1","contentUrl":"https:\/\/i0.wp.com\/ms-mng.de\/wp-content\/uploads\/2024\/11\/bannerlogo.png?fit=1024%2C300&ssl=1","width":1024,"height":300},{"@type":"BreadcrumbList","@id":"https:\/\/ms-mng.de\/#breadcrumb","itemListElement":[{"@type":"ListItem","position":1,"name":"Startseite","item":"https:\/\/ms-mng.de\/"},{"@type":"ListItem","position":2,"name":"Home"}]},{"@type":"WebSite","@id":"https:\/\/ms-mng.de\/#website","url":"https:\/\/ms-mng.de\/","name":"MS-Handelsagentur","description":"Vertrieb Rheinland Pfalz,Saarland,Hessen","potentialAction":[{"@type":"SearchAction","target":{"@type":"EntryPoint","urlTemplate":"https:\/\/ms-mng.de\/?s={search_term_string}"},"query-input":{"@type":"PropertyValueSpecification","valueRequired":true,"valueName":"search_term_string"}}],"inLanguage":"de"}]}},"jetpack_sharing_enabled":true,"_links":{"self":[{"href":"https:\/\/ms-mng.de\/index.php\/wp-json\/wp\/v2\/pages\/97","targetHints":{"allow":["GET"]}}],"collection":[{"href":"https:\/\/ms-mng.de\/index.php\/wp-json\/wp\/v2\/pages"}],"about":[{"href":"https:\/\/ms-mng.de\/index.php\/wp-json\/wp\/v2\/types\/page"}],"author":[{"embeddable":true,"href":"https:\/\/ms-mng.de\/index.php\/wp-json\/wp\/v2\/users\/1"}],"replies":[{"embeddable":true,"href":"https:\/\/ms-mng.de\/index.php\/wp-json\/wp\/v2\/comments?post=97"}],"version-history":[{"count":11,"href":"https:\/\/ms-mng.de\/index.php\/wp-json\/wp\/v2\/pages\/97\/revisions"}],"predecessor-version":[{"id":244,"href":"https:\/\/ms-mng.de\/index.php\/wp-json\/wp\/v2\/pages\/97\/revisions\/244"}],"wp:attachment":[{"href":"https:\/\/ms-mng.de\/index.php\/wp-json\/wp\/v2\/media?parent=97"}],"curies":[{"name":"wp","href":"https:\/\/api.w.org\/{rel}","templated":true}]}}