{"id":65,"date":"2024-11-03T14:15:44","date_gmt":"2024-11-03T14:15:44","guid":{"rendered":"https:\/\/ms-mng.de\/?page_id=65"},"modified":"2025-03-04T09:10:21","modified_gmt":"2025-03-04T09:10:21","slug":"ueber-mng","status":"publish","type":"page","link":"https:\/\/ms-mng.de\/index.php\/ueber-mng\/","title":{"rendered":"\u00dcber MNG"},"content":{"rendered":"\t\t<div data-elementor-type=\"wp-page\" data-elementor-id=\"65\" class=\"elementor elementor-65\">\n\t\t\t\t<div class=\"elementor-element elementor-element-31caa84 e-con-full e-flex e-con e-parent\" data-id=\"31caa84\" data-element_type=\"container\" data-e-type=\"container\">\n\t\t<div class=\"elementor-element elementor-element-a9ce872 e-con-full e-flex e-con e-child\" data-id=\"a9ce872\" data-element_type=\"container\" data-e-type=\"container\">\n\t\t\t\t<div class=\"elementor-element elementor-element-5d9312d elementor-widget__width-initial elementor-widget-tablet__width-initial elementor-widget elementor-widget-text-editor\" data-id=\"5d9312d\" data-element_type=\"widget\" data-e-type=\"widget\" data-widget_type=\"text-editor.default\">\n\t\t\t\t<div class=\"elementor-widget-container\">\n\t\t\t\t\t\t\t\t\t<h5 style=\"text-align: center;\">\u00a0<\/h5><p style=\"text-align: center;\"><strong><span style=\"color: #339966;\">MNG IST EIN GEMEINSCHAFTSUNTENEHMEN ZWISCHEN NATURAL GREEN UND DER MANASEER GROUP<\/span><\/strong><\/p>\t\t\t\t\t\t\t\t<\/div>\n\t\t\t\t<\/div>\n\t\t\t\t<\/div>\n\t\t<div class=\"elementor-element elementor-element-ae968e6 e-con-full e-flex e-con e-child\" data-id=\"ae968e6\" data-element_type=\"container\" data-e-type=\"container\">\n\t\t\t\t<div class=\"elementor-element elementor-element-1fea2ef elementor-widget__width-initial elementor-widget-tablet__width-initial elementor-widget elementor-widget-text-editor\" data-id=\"1fea2ef\" data-element_type=\"widget\" data-e-type=\"widget\" data-widget_type=\"text-editor.default\">\n\t\t\t\t<div class=\"elementor-widget-container\">\n\t\t\t\t\t\t\t\t\t<p>Im Jahr 2007 gr\u00fcndete Viktor Sukau Natural Green, ein Unternehmen mit Sitz in Deutschland (sp\u00e4ter wurde der Hauptsitz in die Schweiz verlegt). Acht Jahre zuvor, im Jahr 1999, gr\u00fcndete Ziad Al Manaseer die Manaseer Group in Jordanien.<\/p><p>Das Unternehmen war im Vertrieb von chemischen Produkten und D\u00fcngemitteln t\u00e4tig.Als der &#8222;gr\u00fcne&#8220; Trend im Agrarsektor gerade aufkam, hatte Natural Green bereits Produkte in seinem Portfolio, die die h\u00f6chsten Anforderungen an die \u00f6kologische Pflanzenproduktion erf\u00fcllten.Heute arbeitet MNG daran, ein Vertriebsnetzwerk aufzubauen sowie neue Produkte zu entwickeln und zu testen.<\/p><p>Die Wissenschaftler des Unternehmens arbeiten auch an langsam wirkenden D\u00fcngemitteln und Pestiziden auf Basis nat\u00fcrlicher Mineralien. Bald wird das Produktportfolio um Futtermittelzus\u00e4tze f\u00fcr Nutztiere erweitert.<\/p><p><a href=\"https:\/\/www.manaseernaturalgreen.com\/\" target=\"_blank\" rel=\"noopener\">MNG International<\/a><\/p>\t\t\t\t\t\t\t\t<\/div>\n\t\t\t\t<\/div>\n\t\t\t\t<\/div>\n\t\t\t\t<\/div>\n\t\t<div class=\"elementor-element elementor-element-79be8c7 e-flex e-con-boxed e-con e-parent\" data-id=\"79be8c7\" data-element_type=\"container\" data-e-type=\"container\">\n\t\t\t\t\t<div class=\"e-con-inner\">\n\t\t\t\t<div class=\"elementor-element elementor-element-ca447fb elementor-widget elementor-widget-heading\" data-id=\"ca447fb\" data-element_type=\"widget\" data-e-type=\"widget\" data-widget_type=\"heading.default\">\n\t\t\t\t<div class=\"elementor-widget-container\">\n\t\t\t\t\t<h3 class=\"elementor-heading-title elementor-size-default\">\u201cEine gesunde Pflanze bedeutet viel mehr als eine Pflanze ohne Krankheiten\u201d<\/h3>\t\t\t\t<\/div>\n\t\t\t\t<\/div>\n\t\t\t\t\t<\/div>\n\t\t\t\t<\/div>\n\t\t<div class=\"elementor-element elementor-element-de4941e e-flex e-con-boxed e-con e-parent\" data-id=\"de4941e\" data-element_type=\"container\" data-e-type=\"container\">\n\t\t\t\t\t<div class=\"e-con-inner\">\n\t\t\t\t<div class=\"elementor-element elementor-element-bc85183 elementor-widget elementor-widget-image\" data-id=\"bc85183\" data-element_type=\"widget\" data-e-type=\"widget\" data-widget_type=\"image.default\">\n\t\t\t\t<div class=\"elementor-widget-container\">\n\t\t\t\t\t\t\t\t\t\t\t\t<figure class=\"wp-caption\">\n\t\t\t\t\t\t\t\t\t\t<img decoding=\"async\" src=\"https:\/\/i0.wp.com\/ms-mng.de\/wp-content\/uploads\/2024\/11\/638f6911fe3bbc91250df737_Mask-group-1.png?fit=2880%2C1274&#038;ssl=1\" title=\"638f6911fe3bbc91250df737_Mask group (1)\" alt=\"638f6911fe3bbc91250df737_Mask group (1)\" loading=\"lazy\" \/>\t\t\t\t\t\t\t\t\t\t\t<figcaption class=\"widget-image-caption wp-caption-text\"><\/figcaption>\n\t\t\t\t\t\t\t\t\t\t<\/figure>\n\t\t\t\t\t\t\t\t\t<\/div>\n\t\t\t\t<\/div>\n\t\t\t\t\t<\/div>\n\t\t\t\t<\/div>\n\t\t<div class=\"elementor-element elementor-element-742bf78 e-flex e-con-boxed e-con e-parent\" data-id=\"742bf78\" data-element_type=\"container\" data-e-type=\"container\">\n\t\t\t\t\t<div class=\"e-con-inner\">\n\t\t<div class=\"elementor-element elementor-element-5ff5c9c e-con-full e-flex e-con e-child\" data-id=\"5ff5c9c\" data-element_type=\"container\" data-e-type=\"container\">\n\t\t\t\t<div class=\"elementor-element elementor-element-35e9fee elementor-widget elementor-widget-text-editor\" data-id=\"35e9fee\" data-element_type=\"widget\" data-e-type=\"widget\" data-widget_type=\"text-editor.default\">\n\t\t\t\t<div class=\"elementor-widget-container\">\n\t\t\t\t\t\t\t\t\t<h1 style=\"text-align: right;\"><span style=\"color: #008000;\"><strong>MISSION<\/strong><\/span><\/h1><h1>\u00a0<\/h1><h1>\u00a0<\/h1><h1 style=\"text-align: right;\"><span style=\"color: #008000;\"><strong>\u00a0<\/strong><\/span><\/h1><h1 style=\"text-align: right;\"><span style=\"color: #008000;\"><strong>PHILOSOPHIE<br \/><\/strong><\/span><\/h1><p><strong>\u00a0<\/strong><\/p><h1 style=\"text-align: right;\"><strong>\u00a0 \u00a0 \u00a0 \u00a0 \u00a0 \u00a0 \u00a0 \u00a0 \u00a0 \u00a0 \u00a0 \u00a0 \u00a0 \u00a0 \u00a0 \u00a0 \u00a0 \u00a0 \u00a0 \u00a0 \u00a0 \u00a0 \u00a0 \u00a0 \u00a0<span style=\"color: #008000;\">WERTE<\/span><\/strong><\/h1><p><strong>\u00a0<\/strong><\/p>\t\t\t\t\t\t\t\t<\/div>\n\t\t\t\t<\/div>\n\t\t\t\t<\/div>\n\t\t<div class=\"elementor-element elementor-element-48b17cc e-con-full e-flex e-con e-child\" data-id=\"48b17cc\" data-element_type=\"container\" data-e-type=\"container\">\n\t\t\t\t<div class=\"elementor-element elementor-element-82699f3 elementor-widget elementor-widget-text-editor\" data-id=\"82699f3\" data-element_type=\"widget\" data-e-type=\"widget\" data-widget_type=\"text-editor.default\">\n\t\t\t\t<div class=\"elementor-widget-container\">\n\t\t\t\t\t\t\t\t\t<p>Zur\u00fcck zur Natur, was wir ihr schon so lange wegnehmen, und alle Elemente des Systems (Bodenmikroflora und Mesofauna, Samen, Pflanzen) in den ges\u00fcndesten Zustand bringen. Gleichzeitig schaffen wir durch die Schaffung einer gesunden Umwelt ein gesundes Umfeld f\u00fcr Pflanzen und Boden und verhindern Krankheiten. Wir verbessern die Lebensmittelsicherheit mit Blick auf k\u00fcnftige Generationen.<br \/><br \/>Der beste Pflanzenschutz kommt vom Widerstand der Pflanze selbst. Wir streben danach, das Gleichgewicht zwischen Boden und Pflanzen wiederherzustellen, indem wir die Natur nutzen, um der Natur zu helfen.<br \/><br \/><span class=\"text-span\"><strong>UMWELTPFLEGE<br \/>\u200d<\/strong>100% nat\u00fcrliche Komponenten<br \/>\u200d<br \/>\u200d<strong>SERVICE UND UNTERST\u00dcTZUNG<br \/>\u200d<\/strong>Kontinuierliche \u00dcberwachung und Beratung<br \/>\u200d<br \/>\u200d<strong>KONTINUIERLICHE VERBESSERUNG<br \/>\u200d<\/strong>Das F&amp;E-Team entwickelt und testet kontinuierlich neue Produkte und sucht nach hochwertigen Rohstoffen.<\/span><\/p>\t\t\t\t\t\t\t\t<\/div>\n\t\t\t\t<\/div>\n\t\t\t\t<\/div>\n\t\t\t\t\t<\/div>\n\t\t\t\t<\/div>\n\t\t\t\t<\/div>\n\t\t","protected":false},"excerpt":{"rendered":"<p>\u00a0 MNG IST EIN GEMEINSCHAFTSUNTENEHMEN ZWISCHEN NATURAL GREEN UND DER MANASEER GROUP Im Jahr 2007 gr\u00fcndete Viktor Sukau Natural Green, ein Unternehmen mit Sitz in Deutschland (sp\u00e4ter wurde der Hauptsitz in die Schweiz verlegt). Acht Jahre zuvor, im Jahr 1999, gr\u00fcndete Ziad Al Manaseer die Manaseer Group in Jordanien. Das Unternehmen war im Vertrieb von [&hellip;]<\/p>\n","protected":false},"author":1,"featured_media":0,"parent":0,"menu_order":0,"comment_status":"closed","ping_status":"closed","template":"","meta":{"footnotes":""},"class_list":["post-65","page","type-page","status-publish","hentry"],"yoast_head":"<!-- This site is optimized with the Yoast SEO plugin v27.4 - https:\/\/yoast.com\/product\/yoast-seo-wordpress\/ -->\n<title>\u00dcber MNG - MS-Handelsagentur<\/title>\n<meta name=\"robots\" content=\"index, follow, max-snippet:-1, max-image-preview:large, max-video-preview:-1\" \/>\n<link rel=\"canonical\" href=\"https:\/\/ms-mng.de\/index.php\/ueber-mng\/\" \/>\n<meta property=\"og:locale\" content=\"de_DE\" \/>\n<meta property=\"og:type\" content=\"article\" \/>\n<meta property=\"og:title\" content=\"\u00dcber MNG - MS-Handelsagentur\" \/>\n<meta property=\"og:description\" content=\"\u00a0 MNG IST EIN GEMEINSCHAFTSUNTENEHMEN ZWISCHEN NATURAL GREEN UND DER MANASEER GROUP Im Jahr 2007 gr\u00fcndete Viktor Sukau Natural Green, ein Unternehmen mit Sitz in Deutschland (sp\u00e4ter wurde der Hauptsitz in die Schweiz verlegt). Acht Jahre zuvor, im Jahr 1999, gr\u00fcndete Ziad Al Manaseer die Manaseer Group in Jordanien. Das Unternehmen war im Vertrieb von [&hellip;]\" \/>\n<meta property=\"og:url\" content=\"https:\/\/ms-mng.de\/index.php\/ueber-mng\/\" \/>\n<meta property=\"og:site_name\" content=\"MS-Handelsagentur\" \/>\n<meta property=\"article:modified_time\" content=\"2025-03-04T09:10:21+00:00\" \/>\n<meta property=\"og:image\" content=\"https:\/\/ms-mng.de\/wp-content\/uploads\/2024\/11\/638f6911fe3bbc91250df737_Mask-group-1.png\" \/>\n<meta name=\"twitter:card\" content=\"summary_large_image\" \/>\n<meta name=\"twitter:label1\" content=\"Gesch\u00e4tzte Lesezeit\" \/>\n\t<meta name=\"twitter:data1\" content=\"2\u00a0Minuten\" \/>\n<script type=\"application\/ld+json\" class=\"yoast-schema-graph\">{\"@context\":\"https:\\\/\\\/schema.org\",\"@graph\":[{\"@type\":\"WebPage\",\"@id\":\"https:\\\/\\\/ms-mng.de\\\/index.php\\\/ueber-mng\\\/\",\"url\":\"https:\\\/\\\/ms-mng.de\\\/index.php\\\/ueber-mng\\\/\",\"name\":\"\u00dcber MNG - MS-Handelsagentur\",\"isPartOf\":{\"@id\":\"https:\\\/\\\/ms-mng.de\\\/#website\"},\"primaryImageOfPage\":{\"@id\":\"https:\\\/\\\/ms-mng.de\\\/index.php\\\/ueber-mng\\\/#primaryimage\"},\"image\":{\"@id\":\"https:\\\/\\\/ms-mng.de\\\/index.php\\\/ueber-mng\\\/#primaryimage\"},\"thumbnailUrl\":\"https:\\\/\\\/ms-mng.de\\\/wp-content\\\/uploads\\\/2024\\\/11\\\/638f6911fe3bbc91250df737_Mask-group-1.png\",\"datePublished\":\"2024-11-03T14:15:44+00:00\",\"dateModified\":\"2025-03-04T09:10:21+00:00\",\"breadcrumb\":{\"@id\":\"https:\\\/\\\/ms-mng.de\\\/index.php\\\/ueber-mng\\\/#breadcrumb\"},\"inLanguage\":\"de\",\"potentialAction\":[{\"@type\":\"ReadAction\",\"target\":[\"https:\\\/\\\/ms-mng.de\\\/index.php\\\/ueber-mng\\\/\"]}]},{\"@type\":\"ImageObject\",\"inLanguage\":\"de\",\"@id\":\"https:\\\/\\\/ms-mng.de\\\/index.php\\\/ueber-mng\\\/#primaryimage\",\"url\":\"https:\\\/\\\/i0.wp.com\\\/ms-mng.de\\\/wp-content\\\/uploads\\\/2024\\\/11\\\/638f6911fe3bbc91250df737_Mask-group-1.png?fit=2880%2C1274&ssl=1\",\"contentUrl\":\"https:\\\/\\\/i0.wp.com\\\/ms-mng.de\\\/wp-content\\\/uploads\\\/2024\\\/11\\\/638f6911fe3bbc91250df737_Mask-group-1.png?fit=2880%2C1274&ssl=1\",\"width\":2880,\"height\":1274},{\"@type\":\"BreadcrumbList\",\"@id\":\"https:\\\/\\\/ms-mng.de\\\/index.php\\\/ueber-mng\\\/#breadcrumb\",\"itemListElement\":[{\"@type\":\"ListItem\",\"position\":1,\"name\":\"Startseite\",\"item\":\"https:\\\/\\\/ms-mng.de\\\/\"},{\"@type\":\"ListItem\",\"position\":2,\"name\":\"\u00dcber MNG\"}]},{\"@type\":\"WebSite\",\"@id\":\"https:\\\/\\\/ms-mng.de\\\/#website\",\"url\":\"https:\\\/\\\/ms-mng.de\\\/\",\"name\":\"MS-Handelsagentur\",\"description\":\"Vertrieb Rheinland Pfalz,Saarland,Hessen\",\"potentialAction\":[{\"@type\":\"SearchAction\",\"target\":{\"@type\":\"EntryPoint\",\"urlTemplate\":\"https:\\\/\\\/ms-mng.de\\\/?s={search_term_string}\"},\"query-input\":{\"@type\":\"PropertyValueSpecification\",\"valueRequired\":true,\"valueName\":\"search_term_string\"}}],\"inLanguage\":\"de\"}]}<\/script>\n<!-- \/ Yoast SEO plugin. -->","yoast_head_json":{"title":"\u00dcber MNG - MS-Handelsagentur","robots":{"index":"index","follow":"follow","max-snippet":"max-snippet:-1","max-image-preview":"max-image-preview:large","max-video-preview":"max-video-preview:-1"},"canonical":"https:\/\/ms-mng.de\/index.php\/ueber-mng\/","og_locale":"de_DE","og_type":"article","og_title":"\u00dcber MNG - MS-Handelsagentur","og_description":"\u00a0 MNG IST EIN GEMEINSCHAFTSUNTENEHMEN ZWISCHEN NATURAL GREEN UND DER MANASEER GROUP Im Jahr 2007 gr\u00fcndete Viktor Sukau Natural Green, ein Unternehmen mit Sitz in Deutschland (sp\u00e4ter wurde der Hauptsitz in die Schweiz verlegt). Acht Jahre zuvor, im Jahr 1999, gr\u00fcndete Ziad Al Manaseer die Manaseer Group in Jordanien. Das Unternehmen war im Vertrieb von [&hellip;]","og_url":"https:\/\/ms-mng.de\/index.php\/ueber-mng\/","og_site_name":"MS-Handelsagentur","article_modified_time":"2025-03-04T09:10:21+00:00","og_image":[{"url":"https:\/\/ms-mng.de\/wp-content\/uploads\/2024\/11\/638f6911fe3bbc91250df737_Mask-group-1.png","type":"","width":"","height":""}],"twitter_card":"summary_large_image","twitter_misc":{"Gesch\u00e4tzte Lesezeit":"2\u00a0Minuten"},"schema":{"@context":"https:\/\/schema.org","@graph":[{"@type":"WebPage","@id":"https:\/\/ms-mng.de\/index.php\/ueber-mng\/","url":"https:\/\/ms-mng.de\/index.php\/ueber-mng\/","name":"\u00dcber MNG - MS-Handelsagentur","isPartOf":{"@id":"https:\/\/ms-mng.de\/#website"},"primaryImageOfPage":{"@id":"https:\/\/ms-mng.de\/index.php\/ueber-mng\/#primaryimage"},"image":{"@id":"https:\/\/ms-mng.de\/index.php\/ueber-mng\/#primaryimage"},"thumbnailUrl":"https:\/\/ms-mng.de\/wp-content\/uploads\/2024\/11\/638f6911fe3bbc91250df737_Mask-group-1.png","datePublished":"2024-11-03T14:15:44+00:00","dateModified":"2025-03-04T09:10:21+00:00","breadcrumb":{"@id":"https:\/\/ms-mng.de\/index.php\/ueber-mng\/#breadcrumb"},"inLanguage":"de","potentialAction":[{"@type":"ReadAction","target":["https:\/\/ms-mng.de\/index.php\/ueber-mng\/"]}]},{"@type":"ImageObject","inLanguage":"de","@id":"https:\/\/ms-mng.de\/index.php\/ueber-mng\/#primaryimage","url":"https:\/\/i0.wp.com\/ms-mng.de\/wp-content\/uploads\/2024\/11\/638f6911fe3bbc91250df737_Mask-group-1.png?fit=2880%2C1274&ssl=1","contentUrl":"https:\/\/i0.wp.com\/ms-mng.de\/wp-content\/uploads\/2024\/11\/638f6911fe3bbc91250df737_Mask-group-1.png?fit=2880%2C1274&ssl=1","width":2880,"height":1274},{"@type":"BreadcrumbList","@id":"https:\/\/ms-mng.de\/index.php\/ueber-mng\/#breadcrumb","itemListElement":[{"@type":"ListItem","position":1,"name":"Startseite","item":"https:\/\/ms-mng.de\/"},{"@type":"ListItem","position":2,"name":"\u00dcber MNG"}]},{"@type":"WebSite","@id":"https:\/\/ms-mng.de\/#website","url":"https:\/\/ms-mng.de\/","name":"MS-Handelsagentur","description":"Vertrieb Rheinland Pfalz,Saarland,Hessen","potentialAction":[{"@type":"SearchAction","target":{"@type":"EntryPoint","urlTemplate":"https:\/\/ms-mng.de\/?s={search_term_string}"},"query-input":{"@type":"PropertyValueSpecification","valueRequired":true,"valueName":"search_term_string"}}],"inLanguage":"de"}]}},"jetpack_sharing_enabled":true,"_links":{"self":[{"href":"https:\/\/ms-mng.de\/index.php\/wp-json\/wp\/v2\/pages\/65","targetHints":{"allow":["GET"]}}],"collection":[{"href":"https:\/\/ms-mng.de\/index.php\/wp-json\/wp\/v2\/pages"}],"about":[{"href":"https:\/\/ms-mng.de\/index.php\/wp-json\/wp\/v2\/types\/page"}],"author":[{"embeddable":true,"href":"https:\/\/ms-mng.de\/index.php\/wp-json\/wp\/v2\/users\/1"}],"replies":[{"embeddable":true,"href":"https:\/\/ms-mng.de\/index.php\/wp-json\/wp\/v2\/comments?post=65"}],"version-history":[{"count":29,"href":"https:\/\/ms-mng.de\/index.php\/wp-json\/wp\/v2\/pages\/65\/revisions"}],"predecessor-version":[{"id":402,"href":"https:\/\/ms-mng.de\/index.php\/wp-json\/wp\/v2\/pages\/65\/revisions\/402"}],"wp:attachment":[{"href":"https:\/\/ms-mng.de\/index.php\/wp-json\/wp\/v2\/media?parent=65"}],"curies":[{"name":"wp","href":"https:\/\/api.w.org\/{rel}","templated":true}]}}